{"id":82,"date":"2014-03-06T13:59:56","date_gmt":"2014-03-06T13:59:56","guid":{"rendered":"http:\/\/demo.deliciousthemes.com\/patti\/?page_id=82"},"modified":"2020-11-30T15:01:00","modified_gmt":"2020-11-30T13:01:00","slug":"homepage","status":"publish","type":"page","link":"https:\/\/www.sunosteopatia.fi\/","title":{"rendered":"Etusivu"},"content":{"rendered":"<p>[vc_row dt_no_mb=&#8221;no-margin&#8221; bg_color=&#8221;#ffffff&#8221;][vc_column][rev_slider_vc alias=&#8221;fullscreen-image-slider&#8221;][\/vc_column][\/vc_row][vc_row dt_no_mb=&#8221;no-margin&#8221; bg_color=&#8221;#ffffff&#8221; dt_padding_top=&#8221;100&#8243; dt_padding_bottom=&#8221;100&#8243; dt_id=&#8221;about&#8221;][vc_column][vc_row_inner][vc_column_inner]<div class=\"dt-title-wrapper\"><h1 class=\"section-title\">Tietoa Osteopatiasta<\/h1><\/div><div style=\"clear:both; width:100%; height:60px\"><\/div>[\/vc_column_inner][\/vc_row_inner][vc_row_inner][vc_column_inner css_animation=&#8221;bottom-to-top&#8221;][vc_column_text]Osteopatia on Valviran hyv\u00e4ksym\u00e4 manuaalinen hoitomuoto, joka t\u00e4ht\u00e4\u00e4 kehon toimintah\u00e4iri\u00f6iden tutkimiseen, hoitoon ja ennaltaehk\u00e4isyyn. Hoito on aina yksil\u00f6llist\u00e4 ja sen my\u00f6t\u00e4 eritt\u00e4in turvallista ja tehokasta.[\/vc_column_text][vc_column_text]Yksinkertaisuudessaan hoito perustuu anatomian ja fysiologian tarkkaan tuntemukseen, jonka perusteella kehoa ohjataan takaisin optimaaliseen asentoon ja toimintaan. Hoito ei yleens\u00e4 keskity pelk\u00e4st\u00e4\u00e4n oirealueeseen, vaan ihminen huomioidaan toiminnallisena kokonaisuutena.[\/vc_column_text][vc_column_text]Osteopaatit k\u00e4ytt\u00e4v\u00e4t monipuolisesti erilaisia tekniikoita ty\u00f6ss\u00e4\u00e4n, joita ovat mm. nivelten artikulaatio\/mobilisaatio, pehmytkudosk\u00e4sittely, lihaskalvotekniikat sek\u00e4 manipulaatio.[\/vc_column_text][vc_column_text]Sun Osteopatia toimii osana ihmisen perusterveydenhoitoa. Osteopatian tavoitteena on parantaa kehosi toimivuutta kokonaisuutena, jotta pystyt paremmin toimimaan t\u00f6iss\u00e4, koulussa, harrastuksissa ja vapaa-ajalla.[\/vc_column_text][\/vc_column_inner][\/vc_row_inner][vc_row_inner][vc_column_inner el_id=&#8221;varaa-aika&#8221;][vc_separator][\/vc_column_inner][\/vc_row_inner][\/vc_column][\/vc_row][vc_row dt_no_mb=&#8221;no-margin&#8221; bg_color=&#8221;#fafafa&#8221; dt_padding_top=&#8221;100&#8243; dt_padding_bottom=&#8221;100&#8243; dt_id=&#8221;varaa-aika&#8221;][vc_column][vc_row_inner][vc_column_inner]<div class=\"dt-title-wrapper\"><h1 class=\"section-title\">Varaa aika<\/h1><\/div><div style=\"clear:both; width:100%; height:60px\"><\/div>[\/vc_column_inner][\/vc_row_inner][vc_row_inner][vc_column_inner css_animation=&#8221;bottom-to-top&#8221;][vc_column_text]Vastaanotolleni voit suoraan varata ajan puhelimella ilman l\u00e4hetteit\u00e4. Hoitomuoto sopii kaikille ilman ik\u00e4rajoitteita. Jos kaipaat lis\u00e4tietoa niin l\u00e4het\u00e4 pieni kuvaus tilanteestasi yhteydenottolomakkeella<span class=\"text_exposed_show\">.<\/span>[\/vc_column_text][vc_raw_html]JTNDaWZyYW1lJTIwd2lkdGglM0QlMjIxMDAlMjUlMjIlMjBmcmFtZWJvcmRlciUzRCUyMjAlMjIlMjBzcmMlM0QlMjJodHRwcyUzQSUyRiUyRnZhcmFhLnRpbW1hLmZpJTJGcmVzZXJ2YXRpb24lMkZzdW5vc3Rlb3BhdGlhJTIyJTIwaWQlM0QlMjJyZXNlcnZhdGlvbklmcmFtZTkyMDYzJTIyJTNFJTNDJTJGaWZyYW1lJTNFJTBBJTNDc2NyaXB0JTIwc3JjJTNEJTIyaHR0cHMlM0ElMkYlMkZjZG5qcy5jbG91ZGZsYXJlLmNvbSUyRmFqYXglMkZsaWJzJTJGaWZyYW1lLXJlc2l6ZXIlMkYyLjguMyUyRmlmcmFtZVJlc2l6ZXIubWluLmpzJTIyJTNFJTNDJTJGc2NyaXB0JTNFJTBBJTNDc2NyaXB0JTIwdHlwZSUzRCUyMnRleHQlMkZqYXZhc2NyaXB0JTIyJTNFaUZyYW1lUmVzaXplJTI4JTdCY2hlY2tPcmlnaW4lM0ElMjBmYWxzZSU3RCUyQyUyMCUyNyUyM3Jlc2VydmF0aW9uSWZyYW1lOTIwNjMlMjclMjklM0IlM0MlMkZzY3JpcHQlM0U=[\/vc_raw_html][\/vc_column_inner][\/vc_row_inner][vc_row_inner][vc_column_inner][vc_separator][\/vc_column_inner][\/vc_row_inner][\/vc_column][\/vc_row][vc_row dt_no_mb=&#8221;no-margin&#8221; bg_color=&#8221;#ffffff&#8221; dt_padding_top=&#8221;100&#8243; dt_padding_bottom=&#8221;100&#8243; dt_id=&#8221;sun&#8221;][vc_column][vc_row_inner][vc_column_inner]<div class=\"dt-title-wrapper\"><h1 class=\"section-title\">Sun Osteopatia<\/h1><\/div><h2 class=\"section-tagline\">Sun Osteopatia hoitaa taidolla ja tehokkuudella.<\/h2>[\/vc_column_inner][\/vc_row_inner]<div style=\"clear:both; width:100%; height:60px\"><\/div>[vc_row_inner][vc_column_inner width=&#8221;1\/4&#8243; css_animation=&#8221;bottom-to-top&#8221;][vc_column_text]<div class=\"team-member\"><a href=\"https:\/\/www.sunosteopatia.fi\/wp-content\/uploads\/2014\/03\/eero_palevaara.jpg\" rel=\"prettyPhoto\" title=\"Eero Palevaara\"><span class=\"item-on-hover\"><span class=\"hover-image\"><i class=\"fa fa-search\"><\/i><\/span><\/span><img alt=\"Eero Palevaara\" class=\"lazy grayscale\" data-original=\"https:\/\/www.sunosteopatia.fi\/wp-content\/uploads\/2014\/03\/eero_palevaara.jpg\" width=\"300\"  height=\"227\" \/><\/a><div class=\"team-text\"><h3><span>Eero Palevaara<\/span><\/h3><h6>Osteopaatti<\/h6><p><\/p><\/div><div class=\"team-social\"><a href=\"mailto:&#101;&#101;r&#111;&#64;&#115;&#117;nost&#101;opatia.&#102;&#105;\"><i class=\"fa fa-envelope\"><\/i><\/a><a href=\"https:\/\/www.facebook.com\/SunOsteopatia\"><i class=\"fa fa-facebook\"><\/i><\/a><\/div><\/div>[\/vc_column_text][\/vc_column_inner][vc_column_inner width=&#8221;3\/4&#8243;]<div class=\"dt-title-wrapper\"><h1 class=\"section-title\">Yhdess\u00e4 kohti terveemp\u00e4\u00e4 tulevaisuutta<\/h1><\/div>[vc_column_text]<span class=\"text_exposed_show\">Osteopatiasta on hy\u00f6ty\u00e4 moneen vaivaan. T\u00e4ss\u00e4 muutama esimerkki: Nivelkivut, asentovirheet, liikerajoitukset, urheiluvammat, migreeni, astma, stressi, iskiasvaivat, hermoston ongelmat ja huimaus. Tervetuloa kaikkia selk\u00e4kipuiset, toimistoty\u00f6l\u00e4iset, urheilijat, laulajat, liikerajoiteiset, kuntoutujat, p\u00e4\u00e4kipuiset, stressaantuneet, masentuneet, vatsavaivaiset, ty\u00f6ss\u00e4rasittuneet ja kaikki muut!<\/span>[\/vc_column_text][vc_column_text]<span class=\"text_exposed_show\">Urheilijoille ja joukkueille on mahdollista tilata koulutuksia huollosta, treenist\u00e4, kehonhallinnasta, vammojen ennaltaehk\u00e4isyst\u00e4 ja hoidosta. Pyyd\u00e4 tarjous!<\/span>[\/vc_column_text][\/vc_column_inner][\/vc_row_inner][\/vc_column][\/vc_row][vc_row dt_text_scheme=&#8221;darker-overlay&#8221; dt_no_mb=&#8221;no-margin&#8221; bg_image=&#8221;94&#8243; bg_color=&#8221;#000000&#8243; dt_color_opacity=&#8221;70&#8243; dt_padding_top=&#8221;100&#8243; dt_padding_bottom=&#8221;100&#8243;][vc_column][vc_row_inner][vc_column_inner]<h2 class=\"parallax-quote\">\"Sun Osteopatia hoitaa taidolla ja tehokkuudella.<br \/>\nSelvitet\u00e4\u00e4n, mik\u00e4 sinun kehoasi est\u00e4\u00e4 toimimasta t\u00e4ydellisesti! Tilaa my\u00f6s ty\u00f6paikalle\/treeneihin.\"<\/h2><span class=\"quote-author\">Osteopaatti Eero Palevaara<\/span>[\/vc_column_inner][\/vc_row_inner][\/vc_column][\/vc_row][vc_row dt_no_mb=&#8221;no-margin&#8221; bg_color=&#8221;#ffffff&#8221; dt_color_opacity=&#8221;100&#8243; dt_padding_top=&#8221;100&#8243; dt_padding_bottom=&#8221;100&#8243; dt_id=&#8221;journal&#8221;][vc_column][vc_row_inner][vc_column_inner]<div class=\"dt-title-wrapper\"><h1 class=\"section-title\">Blogi uutisia<\/h1><\/div><div style=\"clear:both; width:100%; height:60px\"><\/div>[\/vc_column_inner][\/vc_row_inner][vc_row_inner][vc_column_inner]<div class=\"blog-page\"><section class=\"blog-masonry vc_blog_shortcode on-three-columns isotope\">\n<article id=\"post-313\" class=\"post post-masonry post-313 type-post status-publish format-video hentry category-yleinen post_format-post-format-video\">\n\n\t<div class=\"post-video\"><iframe class=\"dt-youtube\" width=\"780\" height=\"440\" src=\"\/\/www.youtube.com\/embed\/XRaVfyPveaI\" frameborder=\"0\" allowfullscreen><\/iframe><\/div>\t\n\t<div class=\"post-content\">\n\t\t\t\t\t\t<h3 class=\"masonry-title entry-title\">\n\t\t\t\t<a href=\"https:\/\/www.sunosteopatia.fi\/?p=313\" rel=\"bookmark\" title=\"Permanent Link to Sun Osteopatia jalkapallo\">Sun Osteopatia jalkapallo<\/a>\n\t\t\t<\/h3>\n\t\t\t\t\t<span class=\"post-meta\">\n\t\t<i class=\"for-sticky fa fa-exclamation\"><\/i><i class=\"fa fa-video-camera\"><\/i>\n\t\t<em class=\"post_date date_updated\">01\/04\/2016<\/em>\t\t<\/span>\t\t\t\n\t\t<div class=\"clear\"><\/div>\n\n\t\t\t\t\n\t\t\t<p><span class=\"userContent\">Sun Osteopatia esittelee parhaat treeniliikkeet alaraajoille jumppapallolla. Pois sohvalta ja pallolle treenaamaan!<\/span><\/p>\n \n\n\t<\/div><!--end post-content-->\n<\/article><!-- #post -->\n<article id=\"post-277\" class=\"post post-masonry post-277 type-post status-publish format-video hentry category-yleinen post_format-post-format-video\">\n\n\t<div class=\"post-video\"><iframe class=\"dt-youtube\" width=\"780\" height=\"440\" src=\"\/\/www.youtube.com\/embed\/J0xDsA0jd6w\" frameborder=\"0\" allowfullscreen><\/iframe><\/div>\t\n\t<div class=\"post-content\">\n\t\t\t\t\t\t<h3 class=\"masonry-title entry-title\">\n\t\t\t\t<a href=\"https:\/\/www.sunosteopatia.fi\/?p=277\" rel=\"bookmark\" title=\"Permanent Link to Paras lapatreeni\">Paras lapatreeni<\/a>\n\t\t\t<\/h3>\n\t\t\t\t\t<span class=\"post-meta\">\n\t\t<i class=\"for-sticky fa fa-exclamation\"><\/i><i class=\"fa fa-video-camera\"><\/i>\n\t\t<em class=\"post_date date_updated\">10\/10\/2014<\/em>\t\t<\/span>\t\t\t\n\t\t<div class=\"clear\"><\/div>\n\n\t\t\t\t\n\t\t\t<p><span class=\"userContent\">T\u00e4ss\u00e4 on nyt se autuaaksi tekev\u00e4 lapatreeni! Mallisuorituksen suorittaa tietenkin fitnessmalli -finalisti Annika.<\/span><\/p>\n<div class=\"post-read-more\"> <a href=\"https:\/\/www.sunosteopatia.fi\/?p=277\" class=\"more-link\">Read More<\/a><\/div>\n \n\n\t<\/div><!--end post-content-->\n<\/article><!-- #post -->\n<article id=\"post-280\" class=\"post post-masonry post-280 type-post status-publish format-standard has-post-thumbnail hentry category-yleinen\">\n\n\t\t\t\t\t<div class=\"post-thumbnail\">\n\t\t\t\t\t<a href=\"https:\/\/www.sunosteopatia.fi\/?p=280\">\n\t\t\t\t\t\t<span class=\"item-on-hover\"><span class=\"hover-link\"><i class=\"fa fa-external-link\"><\/i><\/span><\/span>\n\t\t\t\t\t\t<img width=\"780\" height=\"521\" src=\"https:\/\/www.sunosteopatia.fi\/wp-content\/uploads\/2014\/10\/logo-780x521.jpg\" class=\"attachment-blog-thumb size-blog-thumb wp-post-image\" alt=\"\" decoding=\"async\" loading=\"lazy\" srcset=\"https:\/\/www.sunosteopatia.fi\/wp-content\/uploads\/2014\/10\/logo-780x521.jpg 780w, https:\/\/www.sunosteopatia.fi\/wp-content\/uploads\/2014\/10\/logo-300x200.jpg 300w, https:\/\/www.sunosteopatia.fi\/wp-content\/uploads\/2014\/10\/logo.jpg 800w\" sizes=\"(max-width: 780px) 100vw, 780px\" \/>\t\t\t\t\t<\/a>\n\t\t\t\t<\/div><!--end post-thumbnail-->\t\t\n\t\t\t\t\n\t<div class=\"post-content\">\n\t\t\n\t\t\t\t\t\t<h3 class=\"masonry-title entry-title\">\n\t\t\t\t<a href=\"https:\/\/www.sunosteopatia.fi\/?p=280\" rel=\"bookmark\" title=\"Permanent Link to Nyt se on t\u00e4\u00e4ll\u00e4: Nettiajanvaraus!\">Nyt se on t\u00e4\u00e4ll\u00e4: Nettiajanvaraus!<\/a>\n\t\t\t<\/h3>\n\t\t\t\t\t\t\n\t\t<span class=\"post-meta\">\n\t\t<i class=\"for-sticky fa fa-exclamation\"><\/i><i class=\"fa fa-pencil\"><\/i>\n\t\t<em class=\"post_date date updated\">04\/09\/2014<\/em>\t\t<\/span>\t\t\t\n\t\t<div class=\"clear\"><\/div>\n\t\n\t\t<p><span class=\"userContent\">K\u00e4y katsomassa, miten sinulle l\u00f6ytyisi aikoja ja vaikka et tekisik\u00e4\u00e4n varausta niin tee minulle SUURI PALVELUS ja k\u00e4y arvostelemassa yritykseni. Jos min\u00e4 olen voinut auttaa sinua, voit nyt auttaa takaisin. Kiitos jo etuk\u00e4teen! Luottamus on suuri!<\/span><\/p>\n<div class=\"post-read-more\"> <a href=\"https:\/\/www.sunosteopatia.fi\/?p=280\" class=\"more-link\">Read More<\/a><\/div>\n \n\t\t\t\n\t\t\t\t<\/div><!--end post-content-->\n\t\n<\/article><!-- #post -->\n<article id=\"post-24\" class=\"post post-masonry post-24 type-post status-publish format-standard has-post-thumbnail hentry category-yleinen\">\n\n\t\t\t\t\t<div class=\"post-thumbnail\">\n\t\t\t\t\t<a href=\"https:\/\/www.sunosteopatia.fi\/?p=24\">\n\t\t\t\t\t\t<span class=\"item-on-hover\"><span class=\"hover-link\"><i class=\"fa fa-external-link\"><\/i><\/span><\/span>\n\t\t\t\t\t\t<img width=\"780\" height=\"579\" src=\"https:\/\/www.sunosteopatia.fi\/wp-content\/uploads\/2014\/10\/annika-780x579.jpg\" class=\"attachment-blog-thumb size-blog-thumb wp-post-image\" alt=\"\" decoding=\"async\" loading=\"lazy\" srcset=\"https:\/\/www.sunosteopatia.fi\/wp-content\/uploads\/2014\/10\/annika-780x579.jpg 780w, https:\/\/www.sunosteopatia.fi\/wp-content\/uploads\/2014\/10\/annika-300x222.jpg 300w, https:\/\/www.sunosteopatia.fi\/wp-content\/uploads\/2014\/10\/annika.jpg 800w\" sizes=\"(max-width: 780px) 100vw, 780px\" \/>\t\t\t\t\t<\/a>\n\t\t\t\t<\/div><!--end post-thumbnail-->\t\t\n\t\t\t\t\n\t<div class=\"post-content\">\n\t\t\n\t\t\t\t\t\t<h3 class=\"masonry-title entry-title\">\n\t\t\t\t<a href=\"https:\/\/www.sunosteopatia.fi\/?p=24\" rel=\"bookmark\" title=\"Permanent Link to Well done Annika!\">Well done Annika!<\/a>\n\t\t\t<\/h3>\n\t\t\t\t\t\t\n\t\t<span class=\"post-meta\">\n\t\t<i class=\"for-sticky fa fa-exclamation\"><\/i><i class=\"fa fa-pencil\"><\/i>\n\t\t<em class=\"post_date date updated\">14\/03\/2014<\/em>\t\t<\/span>\t\t\t\n\t\t<div class=\"clear\"><\/div>\n\t\n\t\t<p><span class=\"userContent\">Hieno kasvutarina kisojen aikana ja varmasti j\u00e4i monta asiaa korvan taakse, jotka auttavat jatkossakin treenaamaan kovaa ja turvallisesti. Oli ilo ja kunnia tehd\u00e4 yhteisty\u00f6t\u00e4 kanssasi n\u00e4iss\u00e4 kisoissa. Upea suoritus!<\/span><\/p>\n<div class=\"post-read-more\"> <a href=\"https:\/\/www.sunosteopatia.fi\/?p=24\" class=\"more-link\">Read More<\/a><\/div>\n \n\t\t\t\n\t\t\t\t<\/div><!--end post-content-->\n\t\n<\/article><!-- #post --><\/section><\/div>[\/vc_column_inner][\/vc_row_inner][\/vc_column][\/vc_row][vc_row dt_text_scheme=&#8221;darker-overlay&#8221; dt_no_mb=&#8221;no-margin&#8221; bg_image=&#8221;94&#8243; bg_color=&#8221;#000000&#8243; dt_color_opacity=&#8221;70&#8243; dt_padding_top=&#8221;100&#8243; dt_padding_bottom=&#8221;100&#8243;][vc_column][vc_row_inner][vc_column_inner]<h2 class=\"parallax-quote\">\"SUOSITTELEN! Aivan mielett\u00f6m\u00e4n hyv\u00e4\u00e4 hoitoa, apua ja neuvoja! Tuhat kertaa parempi kuin mik\u00e4\u00e4n l\u00e4\u00e4k\u00e4ri, kiropraktikko, omt fyssari tai vastaava jolla oon k\u00e4ynyt.\"<\/h2><span class=\"quote-author\">Hanna Bj\u00f6rkqvist<\/span>[\/vc_column_inner][\/vc_row_inner][\/vc_column][\/vc_row][vc_row dt_no_mb=&#8221;no-margin&#8221; bg_color=&#8221;#ffffff&#8221; dt_color_opacity=&#8221;100&#8243; dt_padding_top=&#8221;100&#8243; dt_padding_bottom=&#8221;100&#8243;][vc_column][vc_row_inner][vc_column_inner]<div class=\"dt-title-wrapper\"><h1 class=\"section-title\">Asiakkaiden kommentteja<\/h1><\/div><div style=\"clear:both; width:100%; height:60px\"><\/div>[\/vc_column_inner][\/vc_row_inner][vc_row_inner][vc_column_inner]<div class=\"testimonials-carousel\"><div id=\"owl-testimonials-fba\" class=\"owl-carousel testimonials-slider\" data-token=\"0waCw\"><div class=\"testimonial-item\"><p>\"Suosittelen! Kropasta l\u00f6ytyi monta vikaa, joista ei ollut itsell\u00e4ni mit\u00e4\u00e4n tietoa ja niihin pystyttiin puuttumaan ennen kuin oireet p\u00e4\u00e4siv\u00e4t kunnolla edes alkamaan.\"<\/p><p><span class=\"testimonial-name\">Juhani Sarilo<\/span><em>,<\/em> <span class=\"testimonial-position\"><\/span><\/p><\/div><div class=\"testimonial-item\"><p>\"Eeron avuilla sain selk\u00e4kipuja hallintaan ja l\u00f6ysin itseni kyykkytangon alta pitk\u00e4st\u00e4 aikaa moneen kuukauteen. Aivan mahtavaa!\u201d<\/p><p><span class=\"testimonial-name\">Annika Laine-Ronkainen<\/span><em>,<\/em> <span class=\"testimonial-position\">Fitnessmalli<\/span><\/p><\/div><div class=\"testimonial-item\"><p>\"Kiitos Eero! Voin todellakin suositella paikkaa muillekin urheilijoille!\u201d<\/p><p><span class=\"testimonial-name\">Emmi Lehtomaa<\/span><em>,<\/em> <span class=\"testimonial-position\">Fitnessmalli voittaja 2013<\/span><\/p><\/div><div class=\"testimonial-item\"><p>\u201cSUOSITTELEN! Aivan mielett\u00f6m\u00e4n hyv\u00e4\u00e4 hoitoa, apua ja neuvoja! Tuhat kertaa parempi kuin mik\u00e4\u00e4n l\u00e4\u00e4k\u00e4ri, kiropraktikko, omt fyssari tai vastaava jolla oon k\u00e4ynyt.\u201d<\/p><p><span class=\"testimonial-name\">Hanna Bj\u00f6rkqvist<\/span><em>,<\/em> <span class=\"testimonial-position\"><\/span><\/p><\/div><\/div><\/div>[\/vc_column_inner][\/vc_row_inner][\/vc_column][\/vc_row][vc_row dt_text_scheme=&#8221;darker-overlay&#8221; dt_no_mb=&#8221;no-margin&#8221; bg_image=&#8221;113&#8243; bg_color=&#8221;#000000&#8243; dt_color_opacity=&#8221;70&#8243; dt_padding_top=&#8221;100&#8243; dt_padding_bottom=&#8221;100&#8243; dt_id=&#8221;contact&#8221;][vc_column][vc_row_inner][vc_column_inner]<div class=\"dt-title-wrapper\"><h1 class=\"section-title\">Ota yhteytt\u00e4<\/h1><\/div><div style=\"clear:both; width:100%; height:60px\"><\/div>[\/vc_column_inner][\/vc_row_inner][vc_row_inner][vc_column_inner width=&#8221;1\/2&#8243;][vc_column_text]<\/p>\n<h3>Sun Osteopatia<\/h3>\n<ul class=\"contact-info\">\n<li>Kumpulantie 1A, 2-kerros, 00520 Helsinki<\/li>\n<li>Sis\u00e4\u00e4nk\u00e4ynti my\u00f6s Kuortaneenkatu 13 puolelta<\/li>\n<li>Puhelin: 050 348 4798<\/li>\n<li>S\u00e4hk\u00f6posti: eero.palevaara@gmail.com<\/li>\n<\/ul>\n<p>[\/vc_column_text][vc_btn title=&#8221;Varaa aika&#8221; style=&#8221;flat&#8221; shape=&#8221;square&#8221; color=&#8221;warning&#8221; link=&#8221;url:%23varaa-aika|||&#8221;][\/vc_column_inner][vc_column_inner width=&#8221;1\/2&#8243;]<div role=\"form\" class=\"wpcf7\" id=\"wpcf7-f69-o1\" lang=\"en-US\" dir=\"ltr\">\n<div class=\"screen-reader-response\"><p role=\"status\" aria-live=\"polite\" aria-atomic=\"true\"><\/p> <ul><\/ul><\/div>\n<form action=\"\/index.php?rest_route=%2Fwp%2Fv2%2Fpages%2F82#wpcf7-f69-o1\" method=\"post\" class=\"wpcf7-form init\" novalidate=\"novalidate\" data-status=\"init\">\n<div style=\"display: none;\">\n<input type=\"hidden\" name=\"_wpcf7\" value=\"69\" \/>\n<input type=\"hidden\" name=\"_wpcf7_version\" value=\"5.6.4\" \/>\n<input type=\"hidden\" name=\"_wpcf7_locale\" value=\"en_US\" \/>\n<input type=\"hidden\" name=\"_wpcf7_unit_tag\" value=\"wpcf7-f69-o1\" \/>\n<input type=\"hidden\" name=\"_wpcf7_container_post\" value=\"0\" \/>\n<input type=\"hidden\" name=\"_wpcf7_posted_data_hash\" value=\"\" \/>\n<\/div>\n<div class=\"percent-one-half\"> <br \/>\n<span class=\"wpcf7-form-control-wrap\" data-name=\"your-name\"><input type=\"text\" name=\"your-name\" value=\"\" size=\"40\" class=\"wpcf7-form-control wpcf7-text wpcf7-validates-as-required\" aria-required=\"true\" aria-invalid=\"false\" placeholder=\"Nimi\" \/><\/span><br \/>\n<\/div><br \/>\n<div class=\"percent-one-half column-last\"> <br \/>\n<span class=\"wpcf7-form-control-wrap\" data-name=\"your-email\"><input type=\"email\" name=\"your-email\" value=\"\" size=\"40\" class=\"wpcf7-form-control wpcf7-text wpcf7-email wpcf7-validates-as-required wpcf7-validates-as-email\" aria-required=\"true\" aria-invalid=\"false\" placeholder=\"Email\" \/><\/span><br \/>\n<\/div><br \/>\n<span class=\"wpcf7-form-control-wrap\" data-name=\"your-message\"><textarea name=\"your-message\" cols=\"40\" rows=\"10\" class=\"wpcf7-form-control wpcf7-textarea wpcf7-validates-as-required\" aria-required=\"true\" aria-invalid=\"false\" placeholder=\"Viestisi yhteystietosi\"><\/textarea><\/span><br \/>\n<input type=\"submit\" value=\"L\u00e4het\u00e4\" class=\"wpcf7-form-control has-spinner wpcf7-submit button black\" \/><\/p>\n<div class=\"wpcf7-response-output\" aria-hidden=\"true\"><\/div><\/form><\/div>[\/vc_column_inner][\/vc_row_inner][\/vc_column][\/vc_row][vc_row dt_no_mb=&#8221;no-margin&#8221; bg_color=&#8221;#ffffff&#8221;][vc_column]<div class=\"map-wrapper\" id=\"delicious_map_bfd\" data-token=\"wo9uV\"><a class=\"button-map close-map\"><span>Sun Osteopatia kartalla<\/span><\/a><div id=\"google_map_bfd\"><\/div><\/div>[\/vc_column][\/vc_row]<\/p>\n","protected":false},"excerpt":{"rendered":"<p>[vc_row dt_no_mb=&#8221;no-margin&#8221; bg_color=&#8221;#ffffff&#8221;][vc_column][rev_slider_vc alias=&#8221;fullscreen-image-slider&#8221;][\/vc_column][\/vc_row][vc_row dt_no_mb=&#8221;no-margin&#8221; bg_color=&#8221;#ffffff&#8221; dt_padding_top=&#8221;100&#8243; dt_padding_bottom=&#8221;100&#8243; dt_id=&#8221;about&#8221;][vc_column][vc_row_inner][vc_column_inner][\/vc_column_inner][\/vc_row_inner][vc_row_inner][vc_column_inner css_animation=&#8221;bottom-to-top&#8221;][vc_column_text]Osteopatia on Valviran hyv\u00e4ksym\u00e4 manuaalinen hoitomuoto, joka t\u00e4ht\u00e4\u00e4 kehon toimintah\u00e4iri\u00f6iden tutkimiseen, hoitoon ja ennaltaehk\u00e4isyyn. Hoito on&#8230;<\/p>\n<p class=\"readmore\"><a class=\"more-btn\" href=\"https:\/\/www.sunosteopatia.fi\/?testimonials=john-doe\">Read More<\/a><\/p>\n","protected":false},"author":1,"featured_media":0,"parent":0,"menu_order":0,"comment_status":"open","ping_status":"open","template":"template-homepage.php","meta":[],"_links":{"self":[{"href":"https:\/\/www.sunosteopatia.fi\/index.php?rest_route=\/wp\/v2\/pages\/82"}],"collection":[{"href":"https:\/\/www.sunosteopatia.fi\/index.php?rest_route=\/wp\/v2\/pages"}],"about":[{"href":"https:\/\/www.sunosteopatia.fi\/index.php?rest_route=\/wp\/v2\/types\/page"}],"author":[{"embeddable":true,"href":"https:\/\/www.sunosteopatia.fi\/index.php?rest_route=\/wp\/v2\/users\/1"}],"replies":[{"embeddable":true,"href":"https:\/\/www.sunosteopatia.fi\/index.php?rest_route=%2Fwp%2Fv2%2Fcomments&post=82"}],"version-history":[{"count":48,"href":"https:\/\/www.sunosteopatia.fi\/index.php?rest_route=\/wp\/v2\/pages\/82\/revisions"}],"predecessor-version":[{"id":339,"href":"https:\/\/www.sunosteopatia.fi\/index.php?rest_route=\/wp\/v2\/pages\/82\/revisions\/339"}],"wp:attachment":[{"href":"https:\/\/www.sunosteopatia.fi\/index.php?rest_route=%2Fwp%2Fv2%2Fmedia&parent=82"}],"curies":[{"name":"wp","href":"https:\/\/api.w.org\/{rel}","templated":true}]}}