{"id":342,"date":"2024-09-04T14:25:47","date_gmt":"2024-09-04T11:25:47","guid":{"rendered":"https:\/\/www.sunosteopatia.fi\/?page_id=342"},"modified":"2024-09-04T14:25:47","modified_gmt":"2024-09-04T11:25:47","slug":"tietosuojaseloste","status":"publish","type":"page","link":"https:\/\/www.sunosteopatia.fi\/?page_id=342","title":{"rendered":"Tietosuojaseloste"},"content":{"rendered":"\n<p><\/p>\n\n\n\n<p>T\u00e4m\u00e4 tietosuojaseloste koskee henkil\u00f6tietojesi k\u00e4sittely\u00e4 Sun Osteopatia klinikalla.<\/p>\n\n\n\n<p>Potilasrekisteriin ker\u00e4t\u00e4\u00e4n vain sellaisia henkil\u00f6tietoja, jotka ovat olennaisia ja tarpeellisia potilassuhteen hoitamisen, toiminnan kehitt\u00e4misen ja t\u00e4ss\u00e4 selosteessa kuvattujen k\u00e4ytt\u00f6tarkoitusten kannalta. Tietoja ker\u00e4t\u00e4\u00e4n s\u00e4hk\u00f6isen ja puhelimitse tapahtuvan ajanvarauksen yhteydess\u00e4 sek\u00e4 tullessasi hoitok\u00e4ynneille. Lis\u00e4ksi tietoa tallentuu laskutusohjelman ja maksup\u00e4\u00e4tej\u00e4rjestelm\u00e4n kautta. Alaik\u00e4isen potilaan kohdalla kirjataan huoltajan antamat yhteys- ja laskutustiedot sek\u00e4 hoidon kannalta v\u00e4ltt\u00e4m\u00e4tt\u00f6m\u00e4t tiedot.<\/p>\n\n\n\n<p>Tietoja s\u00e4ilytet\u00e4\u00e4n Sun Osteopatian k\u00e4ytt\u00e4miss\u00e4 j\u00e4rjestelmiss\u00e4 lakis\u00e4\u00e4teisesti ja hyv\u00e4n k\u00e4yt\u00e4nn\u00f6n mukaisesti:<\/p>\n\n\n\n<ul>\n<li>Kirjanpitoaineistoa kuluva vuosi + kuusi vuotta.<\/li>\n\n\n\n<li>Henkil\u00f6tietoja (nimi, henkil\u00f6tunnus, yhteystiedot) kolme vuotta.<\/li>\n\n\n\n<li>Potilasasiakirjoja 12 vuotta potilaan kuolemasta tai mik\u00e4li siit\u00e4 ei ole tietoa, 120 vuotta potilaan syntym\u00e4st\u00e4.<\/li>\n\n\n\n<li>Sopimus- ja maksutietoja kolme vuotta.<\/li>\n<\/ul>\n\n\n\n<p>Tietojasi ei pyydet\u00e4 kolmannelta osapuolelta eik\u00e4 niit\u00e4 luovuteta kolmannen osapuolen k\u00e4ytt\u00f6\u00f6n. Henkil\u00f6tietoja k\u00e4sitell\u00e4\u00e4n kuitenkin yksitt\u00e4isiss\u00e4 kolmannen osapuolen j\u00e4rjestelmiss\u00e4. S\u00e4hk\u00f6inen ajanvaraus tapahtuu Timma -sovelluksen kautta, jonka tiedot s\u00e4ilytet\u00e4\u00e4n Euroopassa. J\u00e4rjestelm\u00e4 on suojattu ja varaustiedot v\u00e4littyv\u00e4t salattuina Sun Osteopatian k\u00e4ytt\u00f6\u00f6n. Voit lukea lis\u00e4\u00e4 Timma-j\u00e4rjestelm\u00e4n tietosuojasta ja GDPR:n mukaisista vaatimuksista <a href=\"https:\/\/timma.fi\/privacy\">https:\/\/timma.fi\/privacy<\/a><\/p>\n\n\n\n<p>Sun Osteopatia k\u00e4ytt\u00e4\u00e4 asianmukaisia fyysisi\u00e4, teknisi\u00e4 ja hallinnollisia keinoja tietojen suojaamiseksi v\u00e4\u00e4rink\u00e4yt\u00f6ksilt\u00e4. Laitteistot, yhteydet, j\u00e4rjestelm\u00e4t ja ohjelmistot ovat turvallisia ja salattuja. Niiden toimittajat valitaan siten, ett\u00e4 ne t\u00e4ytt\u00e4v\u00e4t lains\u00e4\u00e4d\u00e4nn\u00f6n vaatimukset ja hyv\u00e4n tietosuojan k\u00e4yt\u00e4nn\u00f6t. Laitteistojen ja j\u00e4rjestelmien k\u00e4ytt\u00f6 on rajattu ainoastaan Sun Osteopatia klinikan henkil\u00f6kunnalle.<\/p>\n\n\n\n<p>Sinulla on mahdollisuus kysy\u00e4 kirjallisesti potilasrekisteriin talletetuista tiedoistasi suoraan Osteopatiaklinikalta. Voit my\u00f6s pyyt\u00e4\u00e4 antamiesi tietojesi poistamista tai oikaisemista. L\u00e4het\u00e4 t\u00e4ll\u00f6in kirjallinen pyynt\u00f6 osoitteeseen: <a href=\"mailto:eero.palevaara@gmail.com\">eero.palevaara@gmail.com<\/a><\/p>\n\n\n\n<p><strong>Rekisterinpit\u00e4j\u00e4<\/strong><br><br>Sun Osteopatia&nbsp;<\/p>\n\n\n\n<p>Eero Palevaara&nbsp;<\/p>\n\n\n\n<p>Kumpulantie 1a 2krs<\/p>\n\n\n\n<p>00520 Helsinki<br>Y-tunnus 2413232-3<br><br><strong>Rekisterinpit\u00e4j\u00e4n yhteystiedot<br><br><\/strong>+358 50 3484798<br>eero.palevaara@gmail.com<\/p>\n","protected":false},"excerpt":{"rendered":"<p>T\u00e4m\u00e4 tietosuojaseloste koskee henkil\u00f6tietojesi k\u00e4sittely\u00e4 Sun Osteopatia klinikalla. Potilasrekisteriin ker\u00e4t\u00e4\u00e4n vain sellaisia henkil\u00f6tietoja, jotka ovat olennaisia ja tarpeellisia potilassuhteen hoitamisen, toiminnan kehitt\u00e4misen ja t\u00e4ss\u00e4 selosteessa&#8230;<\/p>\n<p class=\"readmore\"><a class=\"more-btn\" href=\"https:\/\/www.sunosteopatia.fi\/?page_id=342\">Read More<\/a><\/p>\n","protected":false},"author":1,"featured_media":0,"parent":0,"menu_order":0,"comment_status":"closed","ping_status":"closed","template":"","meta":[],"_links":{"self":[{"href":"https:\/\/www.sunosteopatia.fi\/index.php?rest_route=\/wp\/v2\/pages\/342"}],"collection":[{"href":"https:\/\/www.sunosteopatia.fi\/index.php?rest_route=\/wp\/v2\/pages"}],"about":[{"href":"https:\/\/www.sunosteopatia.fi\/index.php?rest_route=\/wp\/v2\/types\/page"}],"author":[{"embeddable":true,"href":"https:\/\/www.sunosteopatia.fi\/index.php?rest_route=\/wp\/v2\/users\/1"}],"replies":[{"embeddable":true,"href":"https:\/\/www.sunosteopatia.fi\/index.php?rest_route=%2Fwp%2Fv2%2Fcomments&post=342"}],"version-history":[{"count":1,"href":"https:\/\/www.sunosteopatia.fi\/index.php?rest_route=\/wp\/v2\/pages\/342\/revisions"}],"predecessor-version":[{"id":343,"href":"https:\/\/www.sunosteopatia.fi\/index.php?rest_route=\/wp\/v2\/pages\/342\/revisions\/343"}],"wp:attachment":[{"href":"https:\/\/www.sunosteopatia.fi\/index.php?rest_route=%2Fwp%2Fv2%2Fmedia&parent=342"}],"curies":[{"name":"wp","href":"https:\/\/api.w.org\/{rel}","templated":true}]}}